{"id":9,"date":"2024-11-18T19:33:28","date_gmt":"2024-11-18T18:33:28","guid":{"rendered":"https:\/\/servishydrauliky.cz\/?page_id=9"},"modified":"2025-11-28T11:56:01","modified_gmt":"2025-11-28T10:56:01","slug":"front_page","status":"publish","type":"page","link":"https:\/\/servishydrauliky.cz\/","title":{"rendered":"Home"},"content":{"rendered":"\n\n\n\n\n\n\n\n\n\n\n\n","protected":false},"excerpt":{"rendered":"","protected":false},"author":1,"featured_media":0,"parent":0,"menu_order":0,"comment_status":"closed","ping_status":"closed","template":"","meta":{"saved_in_kubio":true,"footnotes":""},"class_list":["post-9","page","type-page","status-publish","hentry"],"kubio_ai_page_context":{"short_desc":"","purpose":"general"},"yoast_head":"<!-- This site is optimized with the Yoast SEO plugin v23.9 - https:\/\/yoast.com\/wordpress\/plugins\/seo\/ -->\n<title>Home - ServisHydrauliky.cz<\/title>\n<meta name=\"description\" content=\"Diagnostika z\u00e1vad, servis a opravy hydralick\u00fdch za\u0159\u00edzen\u00ed po cel\u00e9 \u010cR.\" \/>\n<meta name=\"robots\" content=\"index, follow, max-snippet:-1, max-image-preview:large, max-video-preview:-1\" \/>\n<link rel=\"canonical\" href=\"https:\/\/servishydrauliky.cz\/\" \/>\n<meta property=\"og:locale\" content=\"cs_CZ\" \/>\n<meta property=\"og:type\" content=\"article\" \/>\n<meta property=\"og:title\" content=\"Home - ServisHydrauliky.cz\" \/>\n<meta property=\"og:description\" content=\"Diagnostika z\u00e1vad, servis a opravy hydralick\u00fdch za\u0159\u00edzen\u00ed po cel\u00e9 \u010cR.\" \/>\n<meta property=\"og:url\" content=\"https:\/\/servishydrauliky.cz\/\" \/>\n<meta property=\"og:site_name\" content=\"ServisHydrauliky.cz\" \/>\n<meta property=\"article:modified_time\" content=\"2025-11-28T10:56:01+00:00\" \/>\n<meta name=\"twitter:card\" content=\"summary_large_image\" \/>\n<meta name=\"twitter:label1\" content=\"Odhadovan\u00e1 doba \u010dten\u00ed\" \/>\n\t<meta name=\"twitter:data1\" content=\"2 minuty\" \/>\n<script type=\"application\/ld+json\" class=\"yoast-schema-graph\">{\"@context\":\"https:\/\/schema.org\",\"@graph\":[{\"@type\":\"WebPage\",\"@id\":\"https:\/\/servishydrauliky.cz\/\",\"url\":\"https:\/\/servishydrauliky.cz\/\",\"name\":\"Home - ServisHydrauliky.cz\",\"isPartOf\":{\"@id\":\"https:\/\/servishydrauliky.cz\/#website\"},\"datePublished\":\"2024-11-18T18:33:28+00:00\",\"dateModified\":\"2025-11-28T10:56:01+00:00\",\"description\":\"Diagnostika z\u00e1vad, servis a opravy hydralick\u00fdch za\u0159\u00edzen\u00ed po cel\u00e9 \u010cR.\",\"breadcrumb\":{\"@id\":\"https:\/\/servishydrauliky.cz\/#breadcrumb\"},\"inLanguage\":\"cs\",\"potentialAction\":[{\"@type\":\"ReadAction\",\"target\":[\"https:\/\/servishydrauliky.cz\/\"]}]},{\"@type\":\"BreadcrumbList\",\"@id\":\"https:\/\/servishydrauliky.cz\/#breadcrumb\",\"itemListElement\":[{\"@type\":\"ListItem\",\"position\":1,\"name\":\"Dom\u016f\",\"item\":\"https:\/\/servishydrauliky.cz\/\"},{\"@type\":\"ListItem\",\"position\":2,\"name\":\"Home\"}]},{\"@type\":\"WebSite\",\"@id\":\"https:\/\/servishydrauliky.cz\/#website\",\"url\":\"https:\/\/servishydrauliky.cz\/\",\"name\":\"ServisHydrauliky.cz\",\"description\":\"\",\"potentialAction\":[{\"@type\":\"SearchAction\",\"target\":{\"@type\":\"EntryPoint\",\"urlTemplate\":\"https:\/\/servishydrauliky.cz\/?s={search_term_string}\"},\"query-input\":{\"@type\":\"PropertyValueSpecification\",\"valueRequired\":true,\"valueName\":\"search_term_string\"}}],\"inLanguage\":\"cs\"}]}<\/script>\n<!-- \/ Yoast SEO plugin. -->","yoast_head_json":{"title":"Home - ServisHydrauliky.cz","description":"Diagnostika z\u00e1vad, servis a opravy hydralick\u00fdch za\u0159\u00edzen\u00ed po cel\u00e9 \u010cR.","robots":{"index":"index","follow":"follow","max-snippet":"max-snippet:-1","max-image-preview":"max-image-preview:large","max-video-preview":"max-video-preview:-1"},"canonical":"https:\/\/servishydrauliky.cz\/","og_locale":"cs_CZ","og_type":"article","og_title":"Home - ServisHydrauliky.cz","og_description":"Diagnostika z\u00e1vad, servis a opravy hydralick\u00fdch za\u0159\u00edzen\u00ed po cel\u00e9 \u010cR.","og_url":"https:\/\/servishydrauliky.cz\/","og_site_name":"ServisHydrauliky.cz","article_modified_time":"2025-11-28T10:56:01+00:00","twitter_card":"summary_large_image","twitter_misc":{"Odhadovan\u00e1 doba \u010dten\u00ed":"2 minuty"},"schema":{"@context":"https:\/\/schema.org","@graph":[{"@type":"WebPage","@id":"https:\/\/servishydrauliky.cz\/","url":"https:\/\/servishydrauliky.cz\/","name":"Home - ServisHydrauliky.cz","isPartOf":{"@id":"https:\/\/servishydrauliky.cz\/#website"},"datePublished":"2024-11-18T18:33:28+00:00","dateModified":"2025-11-28T10:56:01+00:00","description":"Diagnostika z\u00e1vad, servis a opravy hydralick\u00fdch za\u0159\u00edzen\u00ed po cel\u00e9 \u010cR.","breadcrumb":{"@id":"https:\/\/servishydrauliky.cz\/#breadcrumb"},"inLanguage":"cs","potentialAction":[{"@type":"ReadAction","target":["https:\/\/servishydrauliky.cz\/"]}]},{"@type":"BreadcrumbList","@id":"https:\/\/servishydrauliky.cz\/#breadcrumb","itemListElement":[{"@type":"ListItem","position":1,"name":"Dom\u016f","item":"https:\/\/servishydrauliky.cz\/"},{"@type":"ListItem","position":2,"name":"Home"}]},{"@type":"WebSite","@id":"https:\/\/servishydrauliky.cz\/#website","url":"https:\/\/servishydrauliky.cz\/","name":"ServisHydrauliky.cz","description":"","potentialAction":[{"@type":"SearchAction","target":{"@type":"EntryPoint","urlTemplate":"https:\/\/servishydrauliky.cz\/?s={search_term_string}"},"query-input":{"@type":"PropertyValueSpecification","valueRequired":true,"valueName":"search_term_string"}}],"inLanguage":"cs"}]}},"_links":{"self":[{"href":"https:\/\/servishydrauliky.cz\/index.php?rest_route=\/wp\/v2\/pages\/9","targetHints":{"allow":["GET"]}}],"collection":[{"href":"https:\/\/servishydrauliky.cz\/index.php?rest_route=\/wp\/v2\/pages"}],"about":[{"href":"https:\/\/servishydrauliky.cz\/index.php?rest_route=\/wp\/v2\/types\/page"}],"author":[{"embeddable":true,"href":"https:\/\/servishydrauliky.cz\/index.php?rest_route=\/wp\/v2\/users\/1"}],"replies":[{"embeddable":true,"href":"https:\/\/servishydrauliky.cz\/index.php?rest_route=%2Fwp%2Fv2%2Fcomments&post=9"}],"version-history":[{"count":31,"href":"https:\/\/servishydrauliky.cz\/index.php?rest_route=\/wp\/v2\/pages\/9\/revisions"}],"predecessor-version":[{"id":157,"href":"https:\/\/servishydrauliky.cz\/index.php?rest_route=\/wp\/v2\/pages\/9\/revisions\/157"}],"wp:attachment":[{"href":"https:\/\/servishydrauliky.cz\/index.php?rest_route=%2Fwp%2Fv2%2Fmedia&parent=9"}],"curies":[{"name":"wp","href":"https:\/\/api.w.org\/{rel}","templated":true}]}}